{"id":833,"date":"2025-01-13T11:14:46","date_gmt":"2025-01-13T11:14:46","guid":{"rendered":"https:\/\/fotonapon.hr\/?page_id=833"},"modified":"2025-02-07T08:24:47","modified_gmt":"2025-02-07T08:24:47","slug":"punjaci-za-elektricna-vozila","status":"publish","type":"page","link":"https:\/\/fotonapon.hr\/en\/punjaci-za-elektricna-vozila\/","title":{"rendered":"EV charger"},"content":{"rendered":"<div data-elementor-type=\"wp-page\" data-elementor-id=\"833\" class=\"elementor elementor-833\" data-elementor-post-type=\"page\">\n\t\t\t\t<div class=\"elementor-element elementor-element-799e8ee0 e-flex e-con-boxed e-con e-parent\" data-id=\"799e8ee0\" data-element_type=\"container\" data-settings=\"{&quot;background_background&quot;:&quot;slideshow&quot;,&quot;background_slideshow_gallery&quot;:[{&quot;id&quot;:591,&quot;url&quot;:&quot;https:\\\/\\\/fotonapon.hr\\\/wp-content\\\/uploads\\\/2024\\\/12\\\/photovoltaic-2814504-scaled.jpg&quot;}],&quot;background_slideshow_ken_burns&quot;:&quot;yes&quot;,&quot;background_slideshow_loop&quot;:&quot;yes&quot;,&quot;background_slideshow_slide_duration&quot;:5000,&quot;background_slideshow_slide_transition&quot;:&quot;fade&quot;,&quot;background_slideshow_transition_duration&quot;:500,&quot;background_slideshow_ken_burns_zoom_direction&quot;:&quot;in&quot;}\">\n\t\t\t\t\t<div class=\"e-con-inner\">\n\t\t<div class=\"elementor-element elementor-element-7cd2c85b e-con-full e-flex e-con e-child\" data-id=\"7cd2c85b\" data-element_type=\"container\">\n\t\t\t\t<div class=\"elementor-element elementor-element-48a3c364 animated-slow elementor-invisible elementor-widget elementor-widget-heading\" data-id=\"48a3c364\" data-element_type=\"widget\" data-settings=\"{&quot;_animation&quot;:&quot;slideInUp&quot;}\" data-widget_type=\"heading.default\">\n\t\t\t\t<div class=\"elementor-widget-container\">\n\t\t\t\t\t<h2 class=\"elementor-heading-title elementor-size-default\">Products<\/h2>\t\t\t\t<\/div>\n\t\t\t\t<\/div>\n\t\t\t\t<div class=\"elementor-element elementor-element-2aca955f elementor-align-left elementor-widget__width-initial elementor-widget elementor-widget-button\" data-id=\"2aca955f\" data-element_type=\"widget\" data-widget_type=\"button.default\">\n\t\t\t\t<div class=\"elementor-widget-container\">\n\t\t\t\t\t\t\t\t\t<div class=\"elementor-button-wrapper\">\n\t\t\t\t\t<a class=\"elementor-button elementor-button-link elementor-size-sm\" href=\"https:\/\/fotonapon.hr\/en\/kontakt\/\">\n\t\t\t\t\t\t<span class=\"elementor-button-content-wrapper\">\n\t\t\t\t\t\t\t\t\t<span class=\"elementor-button-text\">Contact us<\/span>\n\t\t\t\t\t<\/span>\n\t\t\t\t\t<\/a>\n\t\t\t\t<\/div>\n\t\t\t\t\t\t\t\t<\/div>\n\t\t\t\t<\/div>\n\t\t\t\t<\/div>\n\t\t\t\t\t<\/div>\n\t\t\t\t<\/div>\n\t\t<div class=\"elementor-element elementor-element-958cea7 e-flex e-con-boxed e-con e-parent\" data-id=\"958cea7\" data-element_type=\"container\">\n\t\t\t\t\t<div class=\"e-con-inner\">\n\t\t\t\t<div class=\"elementor-element elementor-element-6323a16 elementor-widget elementor-widget-heading\" data-id=\"6323a16\" data-element_type=\"widget\" data-widget_type=\"heading.default\">\n\t\t\t\t<div class=\"elementor-widget-container\">\n\t\t\t\t\t<h2 class=\"elementor-heading-title elementor-size-default\">FOX ESS<\/h2>\t\t\t\t<\/div>\n\t\t\t\t<\/div>\n\t\t\t\t\t<\/div>\n\t\t\t\t<\/div>\n\t\t<div class=\"elementor-element elementor-element-db418af e-flex e-con-boxed e-con e-parent\" data-id=\"db418af\" data-element_type=\"container\">\n\t\t\t\t\t<div class=\"e-con-inner\">\n\t\t<div class=\"elementor-element elementor-element-37cff72 e-con-full e-flex e-con e-child\" data-id=\"37cff72\" data-element_type=\"container\">\n\t\t\t\t<div class=\"elementor-element elementor-element-d62e02b elementor-widget elementor-widget-heading\" data-id=\"d62e02b\" data-element_type=\"widget\" data-widget_type=\"heading.default\">\n\t\t\t\t<div class=\"elementor-widget-container\">\n\t\t\t\t\t<h2 class=\"elementor-heading-title elementor-size-default\">Single-phase<\/h2>\t\t\t\t<\/div>\n\t\t\t\t<\/div>\n\t\t\t\t<\/div>\n\t\t<div class=\"elementor-element elementor-element-117a3cd e-con-full e-flex e-con e-child\" data-id=\"117a3cd\" data-element_type=\"container\">\n\t\t\t\t<div class=\"elementor-element elementor-element-1abb572 elementor-widget elementor-widget-heading\" data-id=\"1abb572\" data-element_type=\"widget\" data-widget_type=\"heading.default\">\n\t\t\t\t<div class=\"elementor-widget-container\">\n\t\t\t\t\t<h2 class=\"elementor-heading-title elementor-size-default\">EV charger<\/h2>\t\t\t\t<\/div>\n\t\t\t\t<\/div>\n\t\t\t\t<\/div>\n\t\t\t\t\t<\/div>\n\t\t\t\t<\/div>\n\t\t<div class=\"elementor-element elementor-element-b6f0e66 e-flex e-con-boxed e-con e-parent\" data-id=\"b6f0e66\" data-element_type=\"container\">\n\t\t\t\t\t<div class=\"e-con-inner\">\n\t\t<div class=\"elementor-element elementor-element-108355c e-con-full e-flex e-con e-child\" data-id=\"108355c\" data-element_type=\"container\">\n\t\t\t\t<div class=\"elementor-element elementor-element-099c7e2 elementor-widget elementor-widget-image\" data-id=\"099c7e2\" data-element_type=\"widget\" data-widget_type=\"image.default\">\n\t\t\t\t<div class=\"elementor-widget-container\">\n\t\t\t\t\t\t\t\t\t\t\t\t\t\t\t<img fetchpriority=\"high\" decoding=\"async\" width=\"967\" height=\"1200\" src=\"https:\/\/fotonapon.hr\/wp-content\/uploads\/2025\/01\/Punionica-Transparent-Picture5.png\" class=\"attachment-1536x1536 size-1536x1536 wp-image-827\" alt=\"\" srcset=\"https:\/\/fotonapon.hr\/wp-content\/uploads\/2025\/01\/Punionica-Transparent-Picture5.png 967w, https:\/\/fotonapon.hr\/wp-content\/uploads\/2025\/01\/Punionica-Transparent-Picture5-242x300.png 242w, https:\/\/fotonapon.hr\/wp-content\/uploads\/2025\/01\/Punionica-Transparent-Picture5-825x1024.png 825w, https:\/\/fotonapon.hr\/wp-content\/uploads\/2025\/01\/Punionica-Transparent-Picture5-768x953.png 768w\" sizes=\"(max-width: 967px) 100vw, 967px\" \/>\t\t\t\t\t\t\t\t\t\t\t\t\t\t\t<\/div>\n\t\t\t\t<\/div>\n\t\t\t\t<div class=\"elementor-element elementor-element-58b7078 elementor-widget elementor-widget-heading\" data-id=\"58b7078\" data-element_type=\"widget\" data-widget_type=\"heading.default\">\n\t\t\t\t<div class=\"elementor-widget-container\">\n\t\t\t\t\t<h2 class=\"elementor-heading-title elementor-size-default\">FOX ESS charger for EV, 11kW\/22kW <\/h2>\t\t\t\t<\/div>\n\t\t\t\t<\/div>\n\t\t\t\t<div class=\"elementor-element elementor-element-c2b36ff elementor-widget-divider--view-line elementor-widget elementor-widget-divider\" data-id=\"c2b36ff\" data-element_type=\"widget\" data-widget_type=\"divider.default\">\n\t\t\t\t<div class=\"elementor-widget-container\">\n\t\t\t\t\t\t\t<div class=\"elementor-divider\">\n\t\t\t<span class=\"elementor-divider-separator\">\n\t\t\t\t\t\t<\/span>\n\t\t<\/div>\n\t\t\t\t\t\t<\/div>\n\t\t\t\t<\/div>\n\t\t\t\t<div class=\"elementor-element elementor-element-697ff73 elementor-widget elementor-widget-text-editor\" data-id=\"697ff73\" data-element_type=\"widget\" data-widget_type=\"text-editor.default\">\n\t\t\t\t<div class=\"elementor-widget-container\">\n\t\t\t\t\t\t\t\t\t<p>DESCRIPTION:<\/p><p>The AC EV Charger boasts a streamlined design that is simple yet elegant, compact, intelligent, and easy to use. Through the APP, vehicle owners will be able to conveniently configure the EV Charger remotely. We offer a variety of working modes suitable for different scenarios, ideal for home, business, and charging station operators.<\/p>\t\t\t\t\t\t\t\t<\/div>\n\t\t\t\t<\/div>\n\t\t\t\t<div class=\"elementor-element elementor-element-03ef45e elementor-widget elementor-widget-n-accordion\" data-id=\"03ef45e\" data-element_type=\"widget\" data-settings=\"{&quot;default_state&quot;:&quot;all_collapsed&quot;,&quot;max_items_expended&quot;:&quot;one&quot;,&quot;n_accordion_animation_duration&quot;:{&quot;unit&quot;:&quot;ms&quot;,&quot;size&quot;:400,&quot;sizes&quot;:[]}}\" data-widget_type=\"nested-accordion.default\">\n\t\t\t\t<div class=\"elementor-widget-container\">\n\t\t\t\t\t\t\t<div class=\"e-n-accordion\" aria-label=\"Accordion. Open links with Enter or Space, close with Escape, and navigate with Arrow Keys\">\n\t\t\t\t\t\t<details id=\"e-n-accordion-item-4120\" class=\"e-n-accordion-item\" >\n\t\t\t\t<summary class=\"e-n-accordion-item-title\" data-accordion-index=\"1\" tabindex=\"0\" aria-expanded=\"false\" aria-controls=\"e-n-accordion-item-4120\" >\n\t\t\t\t\t<span class='e-n-accordion-item-title-header'><div class=\"e-n-accordion-item-title-text\"> Main features <\/div><\/span>\n\t\t\t\t\t\t\t<span class='e-n-accordion-item-title-icon'>\n\t\t\t<span class='e-opened' ><svg aria-hidden=\"true\" class=\"e-font-icon-svg e-fas-angle-up\" viewbox=\"0 0 320 512\" xmlns=\"http:\/\/www.w3.org\/2000\/svg\"><path d=\"M177 159.7l136 136c9.4 9.4 9.4 24.6 0 33.9l-22.6 22.6c-9.4 9.4-24.6 9.4-33.9 0L160 255.9l-96.4 96.4c-9.4 9.4-24.6 9.4-33.9 0L7 329.7c-9.4-9.4-9.4-24.6 0-33.9l136-136c9.4-9.5 24.6-9.5 34-.1z\"><\/path><\/svg><\/span>\n\t\t\t<span class='e-closed'><svg aria-hidden=\"true\" class=\"e-font-icon-svg e-fas-chevron-down\" viewbox=\"0 0 448 512\" xmlns=\"http:\/\/www.w3.org\/2000\/svg\"><path d=\"M207.029 381.476L12.686 187.132c-9.373-9.373-9.373-24.569 0-33.941l22.667-22.667c9.357-9.357 24.522-9.375 33.901-.04L224 284.505l154.745-154.021c9.379-9.335 24.544-9.317 33.901.04l22.667 22.667c9.373 9.373 9.373 24.569 0 33.941L240.971 381.476c-9.373 9.372-24.569 9.372-33.942 0z\"><\/path><\/svg><\/span>\n\t\t<\/span>\n\n\t\t\t\t\t\t<\/summary>\n\t\t\t\t<div role=\"region\" aria-labelledby=\"e-n-accordion-item-4120\" class=\"elementor-element elementor-element-378ca61 e-con-full e-flex e-con e-child\" data-id=\"378ca61\" data-element_type=\"container\">\n\t\t\t\t<div class=\"elementor-element elementor-element-6ddb0b9 elementor-widget elementor-widget-text-editor\" data-id=\"6ddb0b9\" data-element_type=\"widget\" data-widget_type=\"text-editor.default\">\n\t\t\t\t<div class=\"elementor-widget-container\">\n\t\t\t\t\t\t\t\t\t<ul><li>Streamline dizajn<\/li><li>Intelligent control (Wireless communication (WiFi\/Bluetooth), OCPP communication protocol with backend management, smart power management, or scheduled charging via the app)<\/li><li>Energy savings (Energy consumption in standby mode less than 7W, excellent efficiency in electricity savings).<\/li><li>Fleksibilne opcije (Upravljanje preko aplikacije ili priklju\u010di i koristi, instalacija na zid ili podni stalak)<\/li><li>Protected and secure (6mA DC overvoltage protection, IP55 standard, contact welding protection)<\/li><\/ul>\t\t\t\t\t\t\t\t<\/div>\n\t\t\t\t<\/div>\n\t\t\t\t<\/div>\n\t\t\t\t\t<\/details>\n\t\t\t\t\t<\/div>\n\t\t\t\t\t\t<\/div>\n\t\t\t\t<\/div>\n\t\t\t\t<div class=\"elementor-element elementor-element-512a68f elementor-align-left elementor-widget elementor-widget-button\" data-id=\"512a68f\" data-element_type=\"widget\" data-widget_type=\"button.default\">\n\t\t\t\t<div class=\"elementor-widget-container\">\n\t\t\t\t\t\t\t\t\t<div class=\"elementor-button-wrapper\">\n\t\t\t\t\t<a class=\"elementor-button elementor-button-link elementor-size-sm\" href=\"https:\/\/fotonapon.hr\/wp-content\/uploads\/2025\/01\/EN-A-V2.0-EV-Charger-Socket-Datasheet-V1.2-20241206.pdf\" target=\"_blank\">\n\t\t\t\t\t\t<span class=\"elementor-button-content-wrapper\">\n\t\t\t\t\t\t\t\t\t<span class=\"elementor-button-text\">Details<\/span>\n\t\t\t\t\t<\/span>\n\t\t\t\t\t<\/a>\n\t\t\t\t<\/div>\n\t\t\t\t\t\t\t\t<\/div>\n\t\t\t\t<\/div>\n\t\t\t\t<\/div>\n\t\t\t\t\t<\/div>\n\t\t\t\t<\/div>\n\t\t\t\t<\/div>","protected":false},"excerpt":{"rendered":"<p>Ponuda Kontaktirajte nas FOX ESS Jednofazni EV punja\u010d FOX ESS punja\u010d za EV, 11kW\/22kW OPIS: AC EV punja\u010d mo\u017ee se pohvaliti modernim dizajnom koji je elegantan, kompaktan, inteligentan i jednostavan za kori\u0161tenje. Putem aplikacije, vlasnici vozila mogu daljinski konfigurirati EV punja\u010d. Nudimo razli\u010dite na\u010dine rada prikladne za razli\u010dite scenarije, idealne za dom, posao i stanice [&hellip;]<\/p>","protected":false},"author":1,"featured_media":0,"parent":0,"menu_order":4,"comment_status":"closed","ping_status":"closed","template":"elementor_header_footer","meta":{"footnotes":""},"class_list":["post-833","page","type-page","status-publish","hentry"],"_links":{"self":[{"href":"https:\/\/fotonapon.hr\/en\/wp-json\/wp\/v2\/pages\/833","targetHints":{"allow":["GET"]}}],"collection":[{"href":"https:\/\/fotonapon.hr\/en\/wp-json\/wp\/v2\/pages"}],"about":[{"href":"https:\/\/fotonapon.hr\/en\/wp-json\/wp\/v2\/types\/page"}],"author":[{"embeddable":true,"href":"https:\/\/fotonapon.hr\/en\/wp-json\/wp\/v2\/users\/1"}],"replies":[{"embeddable":true,"href":"https:\/\/fotonapon.hr\/en\/wp-json\/wp\/v2\/comments?post=833"}],"version-history":[{"count":81,"href":"https:\/\/fotonapon.hr\/en\/wp-json\/wp\/v2\/pages\/833\/revisions"}],"predecessor-version":[{"id":1659,"href":"https:\/\/fotonapon.hr\/en\/wp-json\/wp\/v2\/pages\/833\/revisions\/1659"}],"wp:attachment":[{"href":"https:\/\/fotonapon.hr\/en\/wp-json\/wp\/v2\/media?parent=833"}],"curies":[{"name":"wp","href":"https:\/\/api.w.org\/{rel}","templated":true}]}}